{"id":5305,"date":"2025-12-28T20:55:49","date_gmt":"2025-12-28T20:55:49","guid":{"rendered":"https:\/\/bucchioniarchitettura.it\/?page_id=5305"},"modified":"2026-01-22T21:20:40","modified_gmt":"2026-01-22T21:20:40","slug":"pubblicazioni-2","status":"publish","type":"page","link":"https:\/\/bucchioniarchitettura.it\/en\/pubblicazioni-2\/","title":{"rendered":"Publications"},"content":{"rendered":"<div data-elementor-type=\"wp-page\" data-elementor-id=\"5305\" class=\"elementor elementor-5305\">\n\t\t\t\t<div class=\"elementor-element elementor-element-fdceb25 e-flex e-con-boxed e-con e-parent\" data-id=\"fdceb25\" data-element_type=\"container\" data-settings=\"{&quot;background_background&quot;:&quot;classic&quot;}\">\n\t\t\t\t\t<div class=\"e-con-inner\">\n\t\t<div class=\"elementor-element elementor-element-ea7f607 e-con-full e-flex e-con e-child\" data-id=\"ea7f607\" data-element_type=\"container\">\n\t\t\t\t<div class=\"elementor-element elementor-element-2d5c3e7 elementor-widget elementor-widget-heading\" data-id=\"2d5c3e7\" data-element_type=\"widget\" data-widget_type=\"heading.default\">\n\t\t\t\t\t<h1 class=\"elementor-heading-title elementor-size-default\">Publications<\/h1>\t\t\t\t<\/div>\n\t\t\t\t<\/div>\n\t\t\t\t\t<\/div>\n\t\t\t\t<\/div>\n\t\t<div class=\"elementor-element elementor-element-56be25a e-flex e-con-boxed e-con e-parent\" data-id=\"56be25a\" data-element_type=\"container\" data-settings=\"{&quot;background_background&quot;:&quot;classic&quot;}\">\n\t\t\t\t\t<div class=\"e-con-inner\">\n\t\t<div class=\"elementor-element elementor-element-0093aff e-con-full e-flex e-con e-child\" data-id=\"0093aff\" data-element_type=\"container\">\n\t\t\t\t<div class=\"elementor-element elementor-element-860aaba elementor-widget__width-initial elementor-widget-mobile__width-initial elementor-widget elementor-widget-heading\" data-id=\"860aaba\" data-element_type=\"widget\" data-widget_type=\"heading.default\">\n\t\t\t\t\t<h3 class=\"elementor-heading-title elementor-size-default\">ATLANTE degli stili d'interni\n<\/h3>\t\t\t\t<\/div>\n\t\t\t\t<div class=\"elementor-element elementor-element-13a1cd2 elementor-widget__width-initial elementor-widget-mobile__width-initial elementor-widget elementor-widget-text-editor\" data-id=\"13a1cd2\" data-element_type=\"widget\" data-widget_type=\"text-editor.default\">\n\t\t\t\t\t\t\t\t\t<p><em>100 modi di abitare lo spazio attraverso l&#8217;architettura e il design<\/em><\/p>\t\t\t\t\t\t\t\t<\/div>\n\t\t\t\t<div class=\"elementor-element elementor-element-7e1cc3d elementor-widget__width-initial elementor-widget-mobile__width-initial elementor-widget elementor-widget-text-editor\" data-id=\"7e1cc3d\" data-element_type=\"widget\" data-widget_type=\"text-editor.default\">\n\t\t\t\t\t\t\t\t\t<p>Ogni spazio racconta una storia. Ogni stile \u00e8 un linguaggio che d\u00e0 voce a quella storia. Questo atlante \u00e8 un viaggio attraverso 100 stili d\u2019interni, raccontati in 900 render prodotti.\u00a0<span style=\"font-style: inherit; font-weight: inherit;\">Ambienti domestici e professionali \u2013 cucine, soggiorni, camere, uffici e ristoranti, si trasformano per mostrare la ricchezza e le infinite possibilit\u00e0 dell\u2019abitare.\u00a0<\/span><\/p><p>Ma l\u2019interior design non \u00e8 mai disgiunto dall\u2019 architettura: ogni ambiente vive in dialogo con la forma che lo contiene, con le proporzioni, con la luce.<\/p><p>Questo libro vuole ricordare che arredare significa anche costruire atmosfere, dare continuit\u00e0 tra l\u2019interno e l\u2019esterno, tra la casa e la citt\u00e0.\u00a0<span style=\"font-style: inherit; font-weight: inherit;\">Un atlante visivo pensato per clienti, professionisti e appassionati, capace di ispirare, guidare e offrire strumenti concreti a chi desidera dare forma al proprio spazio. Non \u00e8 solo un libro di immagini.\u00a0<\/span><\/p><p>\u00c8 un invito ad immaginare, a scegliere, a creare architettura a partire dall\u2019 interno.<\/p><p><em>Gabriele Bucchioni<\/em><\/p>\t\t\t\t\t\t\t\t<\/div>\n\t\t\t\t<\/div>\n\t\t<div class=\"elementor-element elementor-element-026bcad e-con-full e-flex e-con e-child\" data-id=\"026bcad\" data-element_type=\"container\" data-settings=\"{&quot;background_background&quot;:&quot;slideshow&quot;,&quot;background_slideshow_gallery&quot;:[],&quot;background_slideshow_slide_duration&quot;:5000,&quot;background_slideshow_slide_transition&quot;:&quot;fade&quot;,&quot;background_slideshow_transition_duration&quot;:500}\">\n\t\t\t\t<div class=\"elementor-element elementor-element-87c51ff elementor-widget elementor-widget-image\" data-id=\"87c51ff\" data-element_type=\"widget\" data-widget_type=\"image.default\">\n\t\t\t\t\t\t\t\t\t\t\t\t\t\t\t<img fetchpriority=\"high\" decoding=\"async\" width=\"720\" height=\"1024\" src=\"https:\/\/bucchioniarchitettura.it\/wp-content\/uploads\/2025\/12\/COPERTINA-LIBRO-720x1024.png\" class=\"attachment-large size-large wp-image-2858\" alt=\"copertina libro\" srcset=\"https:\/\/bucchioniarchitettura.it\/wp-content\/uploads\/2025\/12\/COPERTINA-LIBRO-720x1024.png 720w, https:\/\/bucchioniarchitettura.it\/wp-content\/uploads\/2025\/12\/COPERTINA-LIBRO-211x300.png 211w, https:\/\/bucchioniarchitettura.it\/wp-content\/uploads\/2025\/12\/COPERTINA-LIBRO-768x1093.png 768w, https:\/\/bucchioniarchitettura.it\/wp-content\/uploads\/2025\/12\/COPERTINA-LIBRO-1079x1536.png 1079w, https:\/\/bucchioniarchitettura.it\/wp-content\/uploads\/2025\/12\/COPERTINA-LIBRO-1439x2048.png 1439w, https:\/\/bucchioniarchitettura.it\/wp-content\/uploads\/2025\/12\/COPERTINA-LIBRO-8x12.png 8w, https:\/\/bucchioniarchitettura.it\/wp-content\/uploads\/2025\/12\/COPERTINA-LIBRO-scaled.png 1799w\" sizes=\"(max-width: 720px) 100vw, 720px\" title=\"Publications\">\t\t\t\t\t\t\t\t\t\t\t\t\t\t\t<\/div>\n\t\t\t\t<div class=\"elementor-element elementor-element-4805599 elementor-align-left elementor-widget__width-initial elementor-widget-mobile__width-initial elementor-widget elementor-widget-button\" data-id=\"4805599\" data-element_type=\"widget\" data-widget_type=\"button.default\">\n\t\t\t\t\t\t\t\t\t\t<a class=\"elementor-button elementor-button-link elementor-size-sm\" href=\"https:\/\/www.amazon.it\/Atlante-degli-Stili-dInterni-larchitettura\/dp\/B0GDYQZGGS\/ref=sr_1_35?__mk_it_IT=%C3%85M%C3%85%C5%BD%C3%95%C3%91&#038;crid=3NGKVCUVAR1VA&#038;dib=eyJ2IjoiMSJ9.Od6_CbYHTUWxZP-GiSExGNCGtl6mqsbJnbhBv3jNoM1XuVPunxC411k3tQie9WUXMuLOxcmvCV5gnnPktdyGUDl2gSS1ovkNGCruuLKHkUXOgVjaLir1uUlz1LFD1WUKM3uRXBhGIjAw9XM2YVNyKjo--GjHx_512qH6LTGR6CMjxVo_eJAmFGSe4VMo4QgNeUhWaadVMdinH-deZboQ9wHBzRaQZNT-2GkBKbIrdzNvVr3WMZ4qClCCHqItcTNToJXEK6C2qjX1UVK3PmW8MJWzG_hR7nitEMCFL6w7zpk.FobN9fxrjD128vUARUO8jk0xKlqU7bhxSXaMQZ3hXHM&#038;dib_tag=se&#038;keywords=atlante+architettura&#038;qid=1767621399&#038;sprefix=atlante+architettur%2Caps%2C259&#038;sr=8-35&#038;ufe=app_do%3Aamzn1.fos.fca66a76-6518-40f2-959f-2dca30e9c5d1\">\n\t\t\t\t\t\t<span class=\"elementor-button-content-wrapper\">\n\t\t\t\t\t\t\t\t\t<span class=\"elementor-button-text\">VEDI SU AMAZON<\/span>\n\t\t\t\t\t<\/span>\n\t\t\t\t\t<\/a>\n\t\t\t\t\t\t\t\t<\/div>\n\t\t\t\t<\/div>\n\t\t\t\t\t<\/div>\n\t\t\t\t<\/div>\n\t\t\t\t<\/div>","protected":false},"excerpt":{"rendered":"<p>Pubblicazioni ATLANTE degli stili d&#8217;interni 100 modi di abitare lo spazio attraverso l&#8217;architettura e il design Ogni spazio racconta una storia. Ogni stile \u00e8 un linguaggio che d\u00e0 voce a quella storia. Questo atlante \u00e8 un viaggio attraverso 100 stili d\u2019interni, raccontati in 900 render prodotti.\u00a0Ambienti domestici e professionali \u2013 cucine, soggiorni, camere, uffici e [&hellip;]<\/p>","protected":false},"author":1,"featured_media":0,"parent":0,"menu_order":0,"comment_status":"closed","ping_status":"closed","template":"","meta":{"_uag_custom_page_level_css":"","site-sidebar-layout":"no-sidebar","site-content-layout":"page-builder","ast-site-content-layout":"full-width-container","site-content-style":"default","site-sidebar-style":"default","ast-global-header-display":"","ast-banner-title-visibility":"","ast-main-header-display":"","ast-hfb-above-header-display":"","ast-hfb-below-header-display":"","ast-hfb-mobile-header-display":"","site-post-title":"disabled","ast-breadcrumbs-content":"","ast-featured-img":"disabled","footer-sml-layout":"","theme-transparent-header-meta":"","adv-header-id-meta":"","stick-header-meta":"","header-above-stick-meta":"","header-main-stick-meta":"","header-below-stick-meta":"","astra-migrate-meta-layouts":"default","ast-page-background-enabled":"default","ast-page-background-meta":{"desktop":{"background-color":"","background-image":"","background-repeat":"repeat","background-position":"center center","background-size":"auto","background-attachment":"scroll","background-type":"","background-media":"","overlay-type":"","overlay-color":"","overlay-opacity":"","overlay-gradient":""},"tablet":{"background-color":"","background-image":"","background-repeat":"repeat","background-position":"center center","background-size":"auto","background-attachment":"scroll","background-type":"","background-media":"","overlay-type":"","overlay-color":"","overlay-opacity":"","overlay-gradient":""},"mobile":{"background-color":"","background-image":"","background-repeat":"repeat","background-position":"center center","background-size":"auto","background-attachment":"scroll","background-type":"","background-media":"","overlay-type":"","overlay-color":"","overlay-opacity":"","overlay-gradient":""}},"ast-content-background-meta":{"desktop":{"background-color":"var(--ast-global-color-5)","background-image":"","background-repeat":"repeat","background-position":"center center","background-size":"auto","background-attachment":"scroll","background-type":"","background-media":"","overlay-type":"","overlay-color":"","overlay-opacity":"","overlay-gradient":""},"tablet":{"background-color":"var(--ast-global-color-5)","background-image":"","background-repeat":"repeat","background-position":"center center","background-size":"auto","background-attachment":"scroll","background-type":"","background-media":"","overlay-type":"","overlay-color":"","overlay-opacity":"","overlay-gradient":""},"mobile":{"background-color":"var(--ast-global-color-5)","background-image":"","background-repeat":"repeat","background-position":"center center","background-size":"auto","background-attachment":"scroll","background-type":"","background-media":"","overlay-type":"","overlay-color":"","overlay-opacity":"","overlay-gradient":""}},"footnotes":""},"class_list":["post-5305","page","type-page","status-publish","hentry"],"aioseo_notices":[],"_hostinger_reach_plugin_has_subscription_block":false,"_hostinger_reach_plugin_is_elementor":false,"uagb_featured_image_src":{"full":false,"thumbnail":false,"medium":false,"medium_large":false,"large":false,"1536x1536":false,"2048x2048":false,"trp-custom-language-flag":false},"uagb_author_info":{"display_name":"bucchioni.gabriele@gmail.com","author_link":"https:\/\/bucchioniarchitettura.it\/en\/author\/bucchioni-gabrielegmail-com\/"},"uagb_comment_info":0,"uagb_excerpt":"Pubblicazioni ATLANTE degli stili d&#8217;interni 100 modi di abitare lo spazio attraverso l&#8217;architettura e il design Ogni spazio racconta una storia. Ogni stile \u00e8 un linguaggio che d\u00e0 voce a quella storia. Questo atlante \u00e8 un viaggio attraverso 100 stili d\u2019interni, raccontati in 900 render prodotti.\u00a0Ambienti domestici e professionali \u2013 cucine, soggiorni, camere, uffici e&hellip;","_links":{"self":[{"href":"https:\/\/bucchioniarchitettura.it\/en\/wp-json\/wp\/v2\/pages\/5305","targetHints":{"allow":["GET"]}}],"collection":[{"href":"https:\/\/bucchioniarchitettura.it\/en\/wp-json\/wp\/v2\/pages"}],"about":[{"href":"https:\/\/bucchioniarchitettura.it\/en\/wp-json\/wp\/v2\/types\/page"}],"author":[{"embeddable":true,"href":"https:\/\/bucchioniarchitettura.it\/en\/wp-json\/wp\/v2\/users\/1"}],"replies":[{"embeddable":true,"href":"https:\/\/bucchioniarchitettura.it\/en\/wp-json\/wp\/v2\/comments?post=5305"}],"version-history":[{"count":74,"href":"https:\/\/bucchioniarchitettura.it\/en\/wp-json\/wp\/v2\/pages\/5305\/revisions"}],"predecessor-version":[{"id":6414,"href":"https:\/\/bucchioniarchitettura.it\/en\/wp-json\/wp\/v2\/pages\/5305\/revisions\/6414"}],"wp:attachment":[{"href":"https:\/\/bucchioniarchitettura.it\/en\/wp-json\/wp\/v2\/media?parent=5305"}],"curies":[{"name":"wp","href":"https:\/\/api.w.org\/{rel}","templated":true}]}}